{"id":29,"date":"2023-04-21T19:54:07","date_gmt":"2023-04-21T19:54:07","guid":{"rendered":"http:\/\/sensei.formacionele.com\/index.php\/mis-cursos\/"},"modified":"2023-04-21T19:54:07","modified_gmt":"2023-04-21T19:54:07","slug":"mis-cursos","status":"publish","type":"page","link":"https:\/\/sensei.formacionele.com\/index.php\/mis-cursos\/","title":{"rendered":"Mis cursos"},"content":{"rendered":"<div class=\"wp-block-query wp-block-sensei-lms-course-list wp-block-sensei-lms-course-list--is-list-view is-layout-flow wp-block-query-is-layout-flow\">\n<div class=\"wp-block-group has-global-padding is-layout-constrained wp-block-group-is-layout-constrained\" style=\"padding-top:var(--wp--preset--spacing--30);padding-bottom:0\"><\/div>\n\n\n<ul class=\"aligncenter wp-block-post-template is-layout-flow wp-block-post-template-is-layout-flow\"><li class=\"wp-block-post post-37 course type-course status-publish hentry module-modulo-01 post\">\n\n<div class=\"wp-block-group aligncenter has-border-color is-layout-flow wp-block-group-is-layout-flow\" style=\"border-color:#c7c3c34f;border-width:1px;padding-top:10px;padding-right:10px;padding-bottom:10px;padding-left:10px\">\n\n\n<div class=\"wp-block-columns is-layout-flex wp-container-core-columns-is-layout-28f84493 wp-block-columns-is-layout-flex\">\n<div class=\"wp-block-column is-layout-flow wp-block-column-is-layout-flow\" style=\"flex-basis:66.66%\">\n<div style=\"padding-bottom:var(--wp--preset--spacing--20)\" class=\"wp-block-sensei-lms-course-categories has-text-align-left\"><\/div>\n\n\n<h2 style=\"padding-top:0;padding-right:0;padding-bottom:0;padding-left:0;margin-top:0;margin-right:0;margin-bottom:0;margin-left:0;\" class=\"has-text-align-left wp-block-post-title\"><a href=\"https:\/\/sensei.formacionele.com\/index.php\/curso\/el-video-en-el-aula-de-ele\/\" target=\"_self\" >El video en el aula de ELE<\/a><\/h2>\n\n<div class=\"has-text-align-left wp-block-post-author\"><div class=\"wp-block-post-author__avatar\"><img alt='' src='https:\/\/secure.gravatar.com\/avatar\/d92cf821dd354c31acca540e8924acffca0dd28ede48be9df425eaa641dfce05?s=48&#038;d=mm&#038;r=g' srcset='https:\/\/secure.gravatar.com\/avatar\/d92cf821dd354c31acca540e8924acffca0dd28ede48be9df425eaa641dfce05?s=96&#038;d=mm&#038;r=g 2x' class='avatar avatar-48 photo' height='48' width='48' \/><\/div><div class=\"wp-block-post-author__content\"><p class=\"wp-block-post-author__name\">Francisco Herrera<\/p><\/div><\/div>\n\n<div class=\"has-text-align-left wp-block-post-excerpt\"><p class=\"wp-block-post-excerpt__excerpt\">C\u00f3mo utilizar el v\u00eddeo en la clase de espa\u00f1ol para crear actividades que funcionan. <\/p><\/div>\n\n\n\n<\/div>\n\n\n\n<div class=\"wp-block-column is-layout-flow wp-block-column-is-layout-flow\" style=\"padding-top:0;flex-basis:33.33%\">\n\n<div class=\"wp-block-sensei-lms-button-take-course is-style-default wp-block-sensei-button wp-block-button has-text-align-right\"><button class=\"wp-block-button__link\">Empezar el curso<\/button><\/div>\n\n\n\n<div class=\"wp-block-sensei-lms-button-continue-course is-style-default wp-block-sensei-button wp-block-button has-text-align-right\"><a class=\"wp-block-button__link\">Continuar<\/a><\/div>\n\n\n\n<div class=\"wp-block-sensei-lms-button-view-results is-style-default wp-block-sensei-button wp-block-button has-text-align-right\"><a class=\"wp-block-button__link\">Visitar resultados<\/a><\/div>\n\n<\/div>\n<\/div>\n<\/div>\n\n<\/li><\/ul>\n\n<\/div>","protected":false},"excerpt":{"rendered":"","protected":false},"author":1,"featured_media":0,"parent":0,"menu_order":0,"comment_status":"closed","ping_status":"closed","template":"","meta":{"footnotes":""},"class_list":["post-29","page","type-page","status-publish","hentry"],"_links":{"self":[{"href":"https:\/\/sensei.formacionele.com\/index.php\/wp-json\/wp\/v2\/pages\/29","targetHints":{"allow":["GET"]}}],"collection":[{"href":"https:\/\/sensei.formacionele.com\/index.php\/wp-json\/wp\/v2\/pages"}],"about":[{"href":"https:\/\/sensei.formacionele.com\/index.php\/wp-json\/wp\/v2\/types\/page"}],"author":[{"embeddable":true,"href":"https:\/\/sensei.formacionele.com\/index.php\/wp-json\/wp\/v2\/users\/1"}],"replies":[{"embeddable":true,"href":"https:\/\/sensei.formacionele.com\/index.php\/wp-json\/wp\/v2\/comments?post=29"}],"version-history":[{"count":0,"href":"https:\/\/sensei.formacionele.com\/index.php\/wp-json\/wp\/v2\/pages\/29\/revisions"}],"wp:attachment":[{"href":"https:\/\/sensei.formacionele.com\/index.php\/wp-json\/wp\/v2\/media?parent=29"}],"curies":[{"name":"wp","href":"https:\/\/api.w.org\/{rel}","templated":true}]}}